{"id":83,"date":"2020-03-23T20:54:31","date_gmt":"2020-03-23T19:54:31","guid":{"rendered":"https:\/\/xn--puppenbhne-regenbogen-mobil-o3c.de\/?page_id=83"},"modified":"2024-11-28T08:32:39","modified_gmt":"2024-11-28T07:32:39","slug":"dornroeschen","status":"publish","type":"page","link":"https:\/\/xn--puppenbhne-regenbogen-mobil-o3c.de\/?page_id=83","title":{"rendered":""},"content":{"rendered":"<h1><span style=\"font-size: 18pt;\">&#8220;Dornr\u00f6schen&#8221;<\/span><\/h1>\n<h2><span style=\"font-size: 18pt;\"><br \/>\n<\/span>Ein unterhaltsames Puppenspiel mit Tischmarionetten zum Mitmachen und Mitdenken<\/h2>\n<ul>\n<li>Altersgruppe: Ab 4 Jahre<\/li>\n<li>Spieldauer: ca 45 Min<\/li>\n<\/ul>\n<p><a href=\"https:\/\/xn--puppenbhne-regenbogen-mobil-o3c.de\/wp-content\/uploads\/2020\/03\/Dornr\u00f6schen-Brustbildkleincrop.jpg\"><img loading=\"lazy\" class=\"alignleft wp-image-189 \" src=\"https:\/\/xn--puppenbhne-regenbogen-mobil-o3c.de\/wp-content\/uploads\/2020\/03\/Dornr\u00f6schen-Brustbildkleincrop.jpg\" alt=\"\" width=\"128\" height=\"170\" \/><\/a><span style=\"text-decoration: underline;\">Inhalt::<\/span><br \/>\nVor Zeiten war ein K\u00f6nig und eine K\u00f6nigin, die sprachen jeden Tag: \u201cAch, wenn wir doch ein Kind h\u00e4tten.\u201c und kriegten immer keins\u2026. So beginnt das Grimmsche M\u00e4rchen von der sch\u00f6nen, schlafenden Prinzessin.<br \/>\nAlle Kinder wissen, wie das beliebte M\u00e4rchen weitergeht und so spielen sie gemeinsam mit einer Marktfrau und deren gefilzten Figuren die bekannte Geschichte von 12 goldenen Tellern, einem eigensinnigen K\u00f6nig und dem Fluch der 13. Fee.<br \/>\nAber wer soll die schlafende Prinzessin wecken, wenn es in der Kiste mit den Filzfiguren keinen Prinzen gibt?<br \/>\nBestimmt haben die Kinder eine Idee \u2013 schlie\u00dflich geh\u00f6rt zu einem richtigen M\u00e4rchen auch ein gutes Ende!<\/p>\n<p>&nbsp;<\/p>\n\n\t\t<style type=\"text\/css\">\n\t\t\t#gallery-1 {\n\t\t\t\tmargin: auto;\n\t\t\t}\n\t\t\t#gallery-1 .gallery-item {\n\t\t\t\tfloat: left;\n\t\t\t\tmargin-top: 10px;\n\t\t\t\ttext-align: center;\n\t\t\t\twidth: 16%;\n\t\t\t}\n\t\t\t#gallery-1 img {\n\t\t\t\tborder: 2px solid #cfcfcf;\n\t\t\t}\n\t\t\t#gallery-1 .gallery-caption {\n\t\t\t\tmargin-left: 0;\n\t\t\t}\n\t\t\t\/* see gallery_shortcode() in wp-includes\/media.php *\/\n\t\t<\/style>\n\t\t<div id='gallery-1' class='gallery galleryid-83 gallery-columns-6 gallery-size-thumbnail'><dl class='gallery-item'>\n\t\t\t<dt class='gallery-icon landscape'>\n\t\t\t\t<a href='https:\/\/xn--puppenbhne-regenbogen-mobil-o3c.de\/wp-content\/uploads\/2020\/04\/Thronsaal-mit-Licht-e1586958896765.jpg'><img width=\"150\" height=\"150\" src=\"https:\/\/xn--puppenbhne-regenbogen-mobil-o3c.de\/wp-content\/uploads\/2020\/04\/Thronsaal-mit-Licht-150x150.jpg\" class=\"attachment-thumbnail size-thumbnail\" alt=\"\" loading=\"lazy\" \/><\/a>\n\t\t\t<\/dt><\/dl><dl class='gallery-item'>\n\t\t\t<dt class='gallery-icon landscape'>\n\t\t\t\t<a href='https:\/\/xn--puppenbhne-regenbogen-mobil-o3c.de\/wp-content\/uploads\/2020\/03\/Feen-crop-klein-1-e1585654504502.jpg'><img width=\"150\" height=\"150\" src=\"https:\/\/xn--puppenbhne-regenbogen-mobil-o3c.de\/wp-content\/uploads\/2020\/03\/Feen-crop-klein-1-150x150.jpg\" class=\"attachment-thumbnail size-thumbnail\" alt=\"\" loading=\"lazy\" \/><\/a>\n\t\t\t<\/dt><\/dl><dl class='gallery-item'>\n\t\t\t<dt class='gallery-icon landscape'>\n\t\t\t\t<a href='https:\/\/xn--puppenbhne-regenbogen-mobil-o3c.de\/wp-content\/uploads\/2020\/03\/Im-Turm-klein.jpg'><img width=\"150\" height=\"150\" src=\"https:\/\/xn--puppenbhne-regenbogen-mobil-o3c.de\/wp-content\/uploads\/2020\/03\/Im-Turm-klein-150x150.jpg\" class=\"attachment-thumbnail size-thumbnail\" alt=\"\" loading=\"lazy\" \/><\/a>\n\t\t\t<\/dt><\/dl><dl class='gallery-item'>\n\t\t\t<dt class='gallery-icon landscape'>\n\t\t\t\t<a href='https:\/\/xn--puppenbhne-regenbogen-mobil-o3c.de\/wp-content\/uploads\/2020\/03\/Dornr\u00f6schens-Papa-scaled-e1585654281385.jpg'><img width=\"150\" height=\"150\" src=\"https:\/\/xn--puppenbhne-regenbogen-mobil-o3c.de\/wp-content\/uploads\/2020\/03\/Dornr\u00f6schens-Papa-150x150.jpg\" class=\"attachment-thumbnail size-thumbnail\" alt=\"\" loading=\"lazy\" \/><\/a>\n\t\t\t<\/dt><\/dl><dl class='gallery-item'>\n\t\t\t<dt class='gallery-icon portrait'>\n\t\t\t\t<a href='https:\/\/xn--puppenbhne-regenbogen-mobil-o3c.de\/wp-content\/uploads\/2020\/04\/Kunibert-klein.jpg'><img width=\"150\" height=\"150\" src=\"https:\/\/xn--puppenbhne-regenbogen-mobil-o3c.de\/wp-content\/uploads\/2020\/04\/Kunibert-klein-150x150.jpg\" class=\"attachment-thumbnail size-thumbnail\" alt=\"\" loading=\"lazy\" \/><\/a>\n\t\t\t<\/dt><\/dl><dl class='gallery-item'>\n\t\t\t<dt class='gallery-icon landscape'>\n\t\t\t\t<a href='https:\/\/xn--puppenbhne-regenbogen-mobil-o3c.de\/wp-content\/uploads\/2020\/03\/Thronsaal-mit-K\u00fcchenjunge-klein-e1585331380303.jpg'><img width=\"150\" height=\"150\" src=\"https:\/\/xn--puppenbhne-regenbogen-mobil-o3c.de\/wp-content\/uploads\/2020\/03\/Thronsaal-mit-K\u00fcchenjunge-klein-150x150.jpg\" class=\"attachment-thumbnail size-thumbnail\" alt=\"\" loading=\"lazy\" \/><\/a>\n\t\t\t<\/dt><\/dl><br style=\"clear: both\" \/>\n\t\t<\/div>\n\n<p><strong>Technik: Hintergrund 3,50 m lang, 2,50 m hoch. Tischb\u00fchne 3,50 m breit und 3,00 m tief. Beleuchtung wird mitgebracht, verdunkelter Raum w\u00e4re gut.<\/strong><\/p>\n","protected":false},"excerpt":{"rendered":"<p>&#8220;Dornr\u00f6schen&#8221; Ein unterhaltsames Puppenspiel mit Tischmarionetten zum Mitmachen und Mitdenken Altersgruppe: Ab 4 Jahre Spieldauer: ca 45 Min Inhalt:: Vor Zeiten war ein K\u00f6nig und eine K\u00f6nigin, die sprachen jeden Tag: \u201cAch, wenn wir doch ein Kind h\u00e4tten.\u201c und kriegten immer keins\u2026. So beginnt das Grimmsche M\u00e4rchen von der sch\u00f6nen, schlafenden Prinzessin. Alle Kinder wissen, [&hellip;]<\/p>\n","protected":false},"author":1,"featured_media":0,"parent":0,"menu_order":0,"comment_status":"closed","ping_status":"closed","template":"","meta":[],"_links":{"self":[{"href":"https:\/\/xn--puppenbhne-regenbogen-mobil-o3c.de\/index.php?rest_route=\/wp\/v2\/pages\/83"}],"collection":[{"href":"https:\/\/xn--puppenbhne-regenbogen-mobil-o3c.de\/index.php?rest_route=\/wp\/v2\/pages"}],"about":[{"href":"https:\/\/xn--puppenbhne-regenbogen-mobil-o3c.de\/index.php?rest_route=\/wp\/v2\/types\/page"}],"author":[{"embeddable":true,"href":"https:\/\/xn--puppenbhne-regenbogen-mobil-o3c.de\/index.php?rest_route=\/wp\/v2\/users\/1"}],"replies":[{"embeddable":true,"href":"https:\/\/xn--puppenbhne-regenbogen-mobil-o3c.de\/index.php?rest_route=%2Fwp%2Fv2%2Fcomments&post=83"}],"version-history":[{"count":84,"href":"https:\/\/xn--puppenbhne-regenbogen-mobil-o3c.de\/index.php?rest_route=\/wp\/v2\/pages\/83\/revisions"}],"predecessor-version":[{"id":1215,"href":"https:\/\/xn--puppenbhne-regenbogen-mobil-o3c.de\/index.php?rest_route=\/wp\/v2\/pages\/83\/revisions\/1215"}],"wp:attachment":[{"href":"https:\/\/xn--puppenbhne-regenbogen-mobil-o3c.de\/index.php?rest_route=%2Fwp%2Fv2%2Fmedia&parent=83"}],"curies":[{"name":"wp","href":"https:\/\/api.w.org\/{rel}","templated":true}]}}