{"id":61,"date":"2020-03-23T18:25:15","date_gmt":"2020-03-23T17:25:15","guid":{"rendered":"https:\/\/xn--puppenbhne-regenbogen-mobil-o3c.de\/?page_id=61"},"modified":"2020-03-31T18:58:07","modified_gmt":"2020-03-31T16:58:07","slug":"ueber-mich","status":"publish","type":"page","link":"https:\/\/xn--puppenbhne-regenbogen-mobil-o3c.de\/?page_id=61","title":{"rendered":""},"content":{"rendered":"<h1>Das sind wir<\/h1>\n<h2>Karin Heym (Hannemann)<\/h2>\n<p><a href=\"https:\/\/xn--puppenbhne-regenbogen-mobil-o3c.de\/wp-content\/uploads\/2020\/03\/Karin-und-der-Seeteufel-klein.jpg\"><img loading=\"lazy\" class=\"wp-image-190 size-medium alignleft\" src=\"https:\/\/xn--puppenbhne-regenbogen-mobil-o3c.de\/wp-content\/uploads\/2020\/03\/Karin-und-der-Seeteufel-klein-300x169.jpg\" alt=\"\" width=\"300\" height=\"169\" srcset=\"https:\/\/xn--puppenbhne-regenbogen-mobil-o3c.de\/wp-content\/uploads\/2020\/03\/Karin-und-der-Seeteufel-klein-300x169.jpg 300w, https:\/\/xn--puppenbhne-regenbogen-mobil-o3c.de\/wp-content\/uploads\/2020\/03\/Karin-und-der-Seeteufel-klein.jpg 400w\" sizes=\"(max-width: 300px) 100vw, 300px\" \/><\/a><\/p>\n<table style=\"height: 364px; width: 89.8179%; border-collapse: collapse;\" cellpadding=\"10\">\n<tbody>\n<tr style=\"height: 19px;\">\n<td style=\"width: 25.1175%; height: 19px;\">1945<\/td>\n<td style=\"width: 64.1596%; height: 19px;\">geb. in Luckenwalde<\/td>\n<\/tr>\n<tr style=\"height: 19px;\">\n<td style=\"width: 25.1175%; height: 19px;\">1951 bis 1961<\/td>\n<td style=\"width: 64.1596%; height: 19px;\">Polytechnische Oberschule Cottbus<\/td>\n<\/tr>\n<tr style=\"height: 19px;\">\n<td style=\"width: 25.1175%; height: 19px;\">1961 bis 1963<\/td>\n<td style=\"width: 64.1596%; height: 19px;\">Fachschule f\u00fcr Kinderg\u00e4rtnerinnen G\u00f6rlitz<\/td>\n<\/tr>\n<tr style=\"height: 19px;\">\n<td style=\"width: 25.1175%; height: 19px;\">1963 bis 1977<\/td>\n<td style=\"width: 64.1596%; height: 19px;\">Kinderg\u00e4rtnerin in Cottbus &#8211; Sandow<\/td>\n<\/tr>\n<tr style=\"height: 19px;\">\n<td style=\"width: 25.1175%; height: 19px;\">1977<\/td>\n<td style=\"width: 64.1596%; height: 19px;\">Hauptberuflich als K\u00fcnstlerische Leiterin und Spielerin der Amateurpuppenb\u00fchne Cottbus<\/td>\n<\/tr>\n<tr style=\"height: 19px;\">\n<td style=\"width: 25.1175%; height: 19px;\">1979<\/td>\n<td style=\"width: 64.1596%; height: 19px;\">Abschluss Regisseur f\u00fcr Puppentheater<\/td>\n<\/tr>\n<tr style=\"height: 19px;\">\n<td style=\"width: 25.1175%; height: 19px;\">ab 1990<\/td>\n<td style=\"width: 64.1596%; height: 19px;\">Theaterleiterin, Spielerin, Regisseurin und Puppengestalterin in der Puppenb\u00fchne \u201eRegenbogen\u201c Cottbus<\/td>\n<\/tr>\n<tr style=\"height: 19px;\">\n<td style=\"width: 25.1175%; height: 19px;\">1996<\/td>\n<td style=\"width: 64.1596%; height: 19px;\">Mitautorin am Buch: &#8220;Puppenspiel im Kindergarten\u201c erschienen 1989 im Verlag Volk und Wissen Berlin<\/td>\n<\/tr>\n<tr style=\"height: 19px;\">\n<td style=\"width: 25.1175%; height: 19px;\">2010<\/td>\n<td style=\"width: 64.1596%; height: 19px;\">Eintritt in den Ruhestand und Gr\u00fcndung der privaten Puppenb\u00fchne \u201eRegenbogen-mobil\u201c<\/td>\n<\/tr>\n<tr style=\"height: 19px;\">\n<td style=\"width: 25.1175%; height: 19px;\">Seit 2011<\/td>\n<td style=\"width: 64.1596%; height: 19px;\">K\u00fcnstlerische Leiterin der Amateurpuppenb\u00fchne \u201eKlimperklein\u201c der VHS Finsterwalde<\/td>\n<\/tr>\n<tr>\n<td style=\"width: 25.1175%;\">2016<\/td>\n<td style=\"width: 64.1596%;\">Verleihung der Ehrenb\u00fcrger-Medaille der Stadt Cottbus<\/td>\n<\/tr>\n<tr>\n<td style=\"width: 25.1175%;\">Seit 2017<\/td>\n<td style=\"width: 64.1596%;\">Leiterin der AG Figurentheater an der Ganztagsschule R\u00fcckersdorf<\/td>\n<\/tr>\n<tr>\n<td style=\"width: 25.1175%;\">Von 1990 bis 2010<\/td>\n<td style=\"width: 64.1596%;\">Durchf\u00fchrung von Unterricht und Kursen Puppenspiel\/Darstellendes Spiel<\/td>\n<\/tr>\n<tr>\n<td style=\"width: 25.1175%;\"><\/td>\n<td style=\"width: 64.1596%;\">\n<ul>\n<li>An der P\u00e4dagogischen Fachschule f\u00fcr Kinderg\u00e4rtnerinnen in Cottbus<\/li>\n<li>An der FH Lausitz bei der Ausbildung von Sozialp\u00e4dagogen<\/li>\n<li>Im Institut von Prof. Mehlhorn bei der Ausbildung von Kreativit\u00e4tslehrer<\/li>\n<li>In der Bildungsst\u00e4tte f\u00fcr Medizinal- und Sozialberufe e.V. Cottbus bei der Ausbildung von Erziehern<\/li>\n<li>In der Volkshochschule Finsterwalde Kurs Puppenbau\/Puppenspiel<\/li>\n<li>Am Oberstufenzentrum Finsterwalde bei der Ausbildung von Erziehern<\/li>\n<\/ul>\n<\/td>\n<\/tr>\n<\/tbody>\n<\/table>\n<hr \/>\n<h2>Franziska George (Heym)<\/h2>\n<p><a href=\"https:\/\/xn--puppenbhne-regenbogen-mobil-o3c.de\/wp-content\/uploads\/2020\/03\/Franz-und-Igel.jpg\"><img loading=\"lazy\" class=\"alignleft wp-image-178 size-medium\" src=\"https:\/\/xn--puppenbhne-regenbogen-mobil-o3c.de\/wp-content\/uploads\/2020\/03\/Franz-und-Igel-300x225.jpg\" alt=\"\" width=\"300\" height=\"225\" srcset=\"https:\/\/xn--puppenbhne-regenbogen-mobil-o3c.de\/wp-content\/uploads\/2020\/03\/Franz-und-Igel-300x225.jpg 300w, https:\/\/xn--puppenbhne-regenbogen-mobil-o3c.de\/wp-content\/uploads\/2020\/03\/Franz-und-Igel.jpg 400w\" sizes=\"(max-width: 300px) 100vw, 300px\" \/><\/a><\/p>\n<p>&nbsp;<\/p>\n<p>&nbsp;<\/p>\n<p>&nbsp;<\/p>\n<p>&nbsp;<\/p>\n<table style=\"width: 100%; border-collapse: collapse;\" cellpadding=\"10\">\n<tbody>\n<tr>\n<td style=\"width: 25.1925%;\">1973<\/td>\n<td style=\"width: 74.8075%;\">In Cottbus geboren<\/td>\n<\/tr>\n<tr>\n<td style=\"width: 25.1925%;\">1980 \u2013 1990<\/td>\n<td style=\"width: 74.8075%;\">Polytechnische Oberschule in Cottbus<\/td>\n<\/tr>\n<tr>\n<td style=\"width: 25.1925%;\">1984 &#8211; 1986<\/td>\n<td style=\"width: 74.8075%;\">Mitglied im Puppenspiel-Zirkel \u201eDie Regenw\u00fcrmer\u201c<\/td>\n<\/tr>\n<tr>\n<td style=\"width: 25.1925%;\">1995 &#8211; 1999<\/td>\n<td style=\"width: 74.8075%;\">Studium zur Diplomsozialp\u00e4dagogin an der FH Lausitz<\/td>\n<\/tr>\n<tr>\n<td style=\"width: 25.1925%;\">Seit 1998<\/td>\n<td style=\"width: 74.8075%;\">Spielerin in der Puppenb\u00fchne\u00a0\u00a0&#8220;Regenbogen-mobil&#8221;<\/td>\n<\/tr>\n<tr>\n<td style=\"width: 25.1925%;\">Seit 2016<\/td>\n<td style=\"width: 74.8075%;\">Leiterin des Mehrgenerationenhauses R\u00fcckersdorf<\/td>\n<\/tr>\n<\/tbody>\n<\/table>\n","protected":false},"excerpt":{"rendered":"<p>Das sind wir Karin Heym (Hannemann) 1945 geb. in Luckenwalde 1951 bis 1961 Polytechnische Oberschule Cottbus 1961 bis 1963 Fachschule f\u00fcr Kinderg\u00e4rtnerinnen G\u00f6rlitz 1963 bis 1977 Kinderg\u00e4rtnerin in Cottbus &#8211; Sandow 1977 Hauptberuflich als K\u00fcnstlerische Leiterin und Spielerin der Amateurpuppenb\u00fchne Cottbus 1979 Abschluss Regisseur f\u00fcr Puppentheater ab 1990 Theaterleiterin, Spielerin, Regisseurin und Puppengestalterin in der [&hellip;]<\/p>\n","protected":false},"author":1,"featured_media":0,"parent":0,"menu_order":0,"comment_status":"closed","ping_status":"closed","template":"","meta":[],"_links":{"self":[{"href":"https:\/\/xn--puppenbhne-regenbogen-mobil-o3c.de\/index.php?rest_route=\/wp\/v2\/pages\/61"}],"collection":[{"href":"https:\/\/xn--puppenbhne-regenbogen-mobil-o3c.de\/index.php?rest_route=\/wp\/v2\/pages"}],"about":[{"href":"https:\/\/xn--puppenbhne-regenbogen-mobil-o3c.de\/index.php?rest_route=\/wp\/v2\/types\/page"}],"author":[{"embeddable":true,"href":"https:\/\/xn--puppenbhne-regenbogen-mobil-o3c.de\/index.php?rest_route=\/wp\/v2\/users\/1"}],"replies":[{"embeddable":true,"href":"https:\/\/xn--puppenbhne-regenbogen-mobil-o3c.de\/index.php?rest_route=%2Fwp%2Fv2%2Fcomments&post=61"}],"version-history":[{"count":41,"href":"https:\/\/xn--puppenbhne-regenbogen-mobil-o3c.de\/index.php?rest_route=\/wp\/v2\/pages\/61\/revisions"}],"predecessor-version":[{"id":624,"href":"https:\/\/xn--puppenbhne-regenbogen-mobil-o3c.de\/index.php?rest_route=\/wp\/v2\/pages\/61\/revisions\/624"}],"wp:attachment":[{"href":"https:\/\/xn--puppenbhne-regenbogen-mobil-o3c.de\/index.php?rest_route=%2Fwp%2Fv2%2Fmedia&parent=61"}],"curies":[{"name":"wp","href":"https:\/\/api.w.org\/{rel}","templated":true}]}}