{"id":565,"date":"2020-03-31T15:02:27","date_gmt":"2020-03-31T13:02:27","guid":{"rendered":"https:\/\/xn--puppenbhne-regenbogen-mobil-o3c.de\/?page_id=565"},"modified":"2020-04-16T10:36:44","modified_gmt":"2020-04-16T08:36:44","slug":"puppenbau-2","status":"publish","type":"page","link":"https:\/\/xn--puppenbhne-regenbogen-mobil-o3c.de\/?page_id=565","title":{"rendered":""},"content":{"rendered":"<h1>Puppenbau<\/h1>\n<p><span style=\"font-family: helvetica, arial, sans-serif; font-size: 10pt;\">Wer als Zuschauer den magischen Moment erlebt hat, wo die Dinge lebendig wurden, hat sehr oft den Wunsch, sich n\u00e4her mit den Besonderheiten und der Sch\u00f6nheit des Figurenspiels zu besch\u00e4ftigen.<\/span><br \/>\n<span style=\"font-family: helvetica, arial, sans-serif; font-size: 10pt;\">Ob nun private Einzelpersonen, die sich ganz dem Vergn\u00fcgen hingeben, eine eigene Puppe zu bauen,\u00a0oder Lehrer und Erzieher, die mit Kindern oder Jugendlichen arbeiten und diesen\u00a0die eigene Freude am\u00a0Figurenspiel weiter vermitteln wollen &#8211; sie alle k\u00f6nnen sich ganz individuell beraten lassen.<\/span><br \/>\n<span style=\"font-family: helvetica, arial, sans-serif; font-size: 10pt;\">Nat\u00fcrlich besteht auch die M\u00f6glichkeit, dass wir in Ihre Einrichtung kommen, um dort mit den Kindern einfache Figuren zu bauen.<\/span><\/p>\n<h2>1. Bau einer Tuchmarionette (ab 5 Jahre und Erwachsene)<\/h2>\n<p>Eine Styroporkugel als Kopf, das Gesicht und die Haare gestaltet aus verschiedenen Materialien wie Kn\u00f6pfe, Klapperaugen, Holzkugeln, Obstnetze, Wollreste, M\u00e4rchenwolle und \u00e4hnlichem, dazu ein gro\u00dfes Seidentuch als K\u00f6rper und etwas Schnur f\u00fcr Kopf und H\u00e4nde &#8211; und schon kann unsere Tuchmarionette das Laufen, Fliegen oder Tanzen\u00a0lernen.<br \/>\nEinfach zu bauen und einfach zu f\u00fchren kann die Figur schon von Kindern ab 5 Jahre gebaut und gespielt werden.<\/p>\n<p>Dauer:\u00a02 bis\u00a04 Stunden<\/p>\n<p><strong>Beispiele f\u00fcr selbstgebaute Tuchmarionetten von Kursteilnehmern<br \/>\n<\/strong><\/p>\n\n\t\t<style type=\"text\/css\">\n\t\t\t#gallery-1 {\n\t\t\t\tmargin: auto;\n\t\t\t}\n\t\t\t#gallery-1 .gallery-item {\n\t\t\t\tfloat: left;\n\t\t\t\tmargin-top: 10px;\n\t\t\t\ttext-align: center;\n\t\t\t\twidth: 20%;\n\t\t\t}\n\t\t\t#gallery-1 img {\n\t\t\t\tborder: 2px solid #cfcfcf;\n\t\t\t}\n\t\t\t#gallery-1 .gallery-caption {\n\t\t\t\tmargin-left: 0;\n\t\t\t}\n\t\t\t\/* see gallery_shortcode() in wp-includes\/media.php *\/\n\t\t<\/style>\n\t\t<div id='gallery-1' class='gallery galleryid-565 gallery-columns-5 gallery-size-thumbnail'><dl class='gallery-item'>\n\t\t\t<dt class='gallery-icon landscape'>\n\t\t\t\t<a href='https:\/\/xn--puppenbhne-regenbogen-mobil-o3c.de\/wp-content\/uploads\/2020\/04\/Turchmarionette-2.jpg'><img width=\"150\" height=\"150\" src=\"https:\/\/xn--puppenbhne-regenbogen-mobil-o3c.de\/wp-content\/uploads\/2020\/04\/Turchmarionette-2-150x150.jpg\" class=\"attachment-thumbnail size-thumbnail\" alt=\"\" loading=\"lazy\" \/><\/a>\n\t\t\t<\/dt><\/dl><dl class='gallery-item'>\n\t\t\t<dt class='gallery-icon landscape'>\n\t\t\t\t<a href='https:\/\/xn--puppenbhne-regenbogen-mobil-o3c.de\/wp-content\/uploads\/2020\/04\/BBW2-klein.jpg'><img width=\"150\" height=\"150\" src=\"https:\/\/xn--puppenbhne-regenbogen-mobil-o3c.de\/wp-content\/uploads\/2020\/04\/BBW2-klein-150x150.jpg\" class=\"attachment-thumbnail size-thumbnail\" alt=\"\" loading=\"lazy\" \/><\/a>\n\t\t\t<\/dt><\/dl><dl class='gallery-item'>\n\t\t\t<dt class='gallery-icon landscape'>\n\t\t\t\t<a href='https:\/\/xn--puppenbhne-regenbogen-mobil-o3c.de\/wp-content\/uploads\/2020\/04\/Tuchmarionetten-scaled-e1586890168438.jpg'><img width=\"150\" height=\"150\" src=\"https:\/\/xn--puppenbhne-regenbogen-mobil-o3c.de\/wp-content\/uploads\/2020\/04\/Tuchmarionetten-150x150.jpg\" class=\"attachment-thumbnail size-thumbnail\" alt=\"\" loading=\"lazy\" \/><\/a>\n\t\t\t<\/dt><\/dl><dl class='gallery-item'>\n\t\t\t<dt class='gallery-icon landscape'>\n\t\t\t\t<a href='https:\/\/xn--puppenbhne-regenbogen-mobil-o3c.de\/wp-content\/uploads\/2020\/04\/BBW-klein.jpg'><img width=\"150\" height=\"150\" src=\"https:\/\/xn--puppenbhne-regenbogen-mobil-o3c.de\/wp-content\/uploads\/2020\/04\/BBW-klein-150x150.jpg\" class=\"attachment-thumbnail size-thumbnail\" alt=\"\" loading=\"lazy\" \/><\/a>\n\t\t\t<\/dt><\/dl><dl class='gallery-item'>\n\t\t\t<dt class='gallery-icon landscape'>\n\t\t\t\t<a href='https:\/\/xn--puppenbhne-regenbogen-mobil-o3c.de\/wp-content\/uploads\/2020\/04\/Tuchmarionette-3.jpg'><img width=\"150\" height=\"150\" src=\"https:\/\/xn--puppenbhne-regenbogen-mobil-o3c.de\/wp-content\/uploads\/2020\/04\/Tuchmarionette-3-150x150.jpg\" class=\"attachment-thumbnail size-thumbnail\" alt=\"\" loading=\"lazy\" \/><\/a>\n\t\t\t<\/dt><\/dl><br style=\"clear: both\" \/>\n\t\t<\/div>\n\n<h2>2. Bau einer Handpuppe ( ab 8 Jahre und Erwachsene)<\/h2>\n<p>Ob aus Pappmach\u00e9 oder Trikot und Polsterwatte, eine Handpuppe findet immer begeisterte Zuschauer. Der Gestaltung sind keine Grenzen gesetzt und der Schnitt des Kost\u00fcms wird der Hand des Spielers angepasst.(Beispielbilder Kaschiertechnik und Trikottechnik)<\/p>\n<p>Dauer:\u00a04 bis\u00a06 Stunden<br \/>\n<a href=\"https:\/\/xn--puppenbhne-regenbogen-mobil-o3c.de\/wp-content\/uploads\/2020\/03\/Papa-Teufel-und-Sohn.jpg\"><img loading=\"lazy\" class=\"alignleft wp-image-608 size-medium\" src=\"https:\/\/xn--puppenbhne-regenbogen-mobil-o3c.de\/wp-content\/uploads\/2020\/03\/Papa-Teufel-und-Sohn-300x225.jpg\" alt=\"\" width=\"300\" height=\"225\" srcset=\"https:\/\/xn--puppenbhne-regenbogen-mobil-o3c.de\/wp-content\/uploads\/2020\/03\/Papa-Teufel-und-Sohn-300x225.jpg 300w, https:\/\/xn--puppenbhne-regenbogen-mobil-o3c.de\/wp-content\/uploads\/2020\/03\/Papa-Teufel-und-Sohn.jpg 400w\" sizes=\"(max-width: 300px) 100vw, 300px\" \/><\/a><a href=\"https:\/\/xn--puppenbhne-regenbogen-mobil-o3c.de\/wp-content\/uploads\/2020\/03\/Blaue-Katze-scaled-e1585250676779.jpg\"><img loading=\"lazy\" class=\"alignleft wp-image-228 size-medium\" src=\"https:\/\/xn--puppenbhne-regenbogen-mobil-o3c.de\/wp-content\/uploads\/2020\/03\/Blaue-Katze-300x225.jpg\" alt=\"\" width=\"300\" height=\"225\" \/><\/a><\/p>\n<p>&nbsp;<\/p>\n<p>&nbsp;<\/p>\n<p>&nbsp;<\/p>\n<p>&nbsp;<\/p>\n<p>&nbsp;<\/p>\n<h2>3. Meine Auftragspuppen:<\/h2>\n<p><span style=\"font-size: 12pt;\"><span style=\"font-size: 10pt;\"><strong>&#8220;WITKO&#8221; &#8211; eine gro\u00dfe Knaufpuppe<\/strong><br \/>\n<\/span><\/span><span style=\"font-size: 12pt;\"><span style=\"font-size: 10pt;\">F\u00fcr das SORABIA Filmstudio in Bautzen war Witko Akteur einer Filmserie zum Vermitteln der sorbischen Sprache. Gemeinsam mit dem Journalisten und bekannten Moderator Christian Matth\u00e9e besuchte Witko unterschiedliche Orte und erlebte viele Abenteuer.<br \/>\n<\/span><\/span><\/p>\n<p><a href=\"https:\/\/xn--puppenbhne-regenbogen-mobil-o3c.de\/wp-content\/uploads\/2020\/04\/Witki-1-klein-e1586858112138.jpg\"><img loading=\"lazy\" class=\"alignleft wp-image-799 size-medium\" src=\"https:\/\/xn--puppenbhne-regenbogen-mobil-o3c.de\/wp-content\/uploads\/2020\/04\/Witki-1-klein-225x300.jpg\" alt=\"\" width=\"225\" height=\"300\" \/><\/a><a href=\"https:\/\/xn--puppenbhne-regenbogen-mobil-o3c.de\/wp-content\/uploads\/2020\/04\/Witko-Kopf-klein-e1586890561250.jpg\"><img loading=\"lazy\" class=\"alignleft wp-image-800 size-medium\" src=\"https:\/\/xn--puppenbhne-regenbogen-mobil-o3c.de\/wp-content\/uploads\/2020\/04\/Witko-Kopf-klein-300x225.jpg\" alt=\"\" width=\"300\" height=\"225\" \/><\/a><\/p>\n<p>&nbsp;<\/p>\n<p>&nbsp;<\/p>\n<p>&nbsp;<\/p>\n<p>&nbsp;<\/p>\n<p>&nbsp;<\/p>\n<p>&nbsp;<\/p>\n<p>&nbsp;<\/p>\n<p>&nbsp;<\/p>\n<p><strong>&#8220;Storch und Frosch&#8221; Fadenmarionetten:<br \/>\n<\/strong>Ein ganz besonderer Auftrag war der Bau von 2 Figuren f\u00fcr die Ganzkuppel-Eigenproduktion des Planetariums in Cottbus mit dem Titel:&#8221; Von Fr\u00f6schen, Sternen und Planeten&#8221;\u00a0 und den 2.Teil: &#8220;Ein Frosch fliegt nach Afrika&#8221;. (siehe Fotos)<\/p>\n<p><a href=\"https:\/\/xn--puppenbhne-regenbogen-mobil-o3c.de\/wp-content\/uploads\/2020\/04\/Frosch-und-Storch-klein.jpg\"><img loading=\"lazy\" class=\"alignleft wp-image-779 size-medium\" src=\"https:\/\/xn--puppenbhne-regenbogen-mobil-o3c.de\/wp-content\/uploads\/2020\/04\/Frosch-und-Storch-klein-195x300.jpg\" alt=\"\" width=\"195\" height=\"300\" srcset=\"https:\/\/xn--puppenbhne-regenbogen-mobil-o3c.de\/wp-content\/uploads\/2020\/04\/Frosch-und-Storch-klein-195x300.jpg 195w, https:\/\/xn--puppenbhne-regenbogen-mobil-o3c.de\/wp-content\/uploads\/2020\/04\/Frosch-und-Storch-klein.jpg 260w\" sizes=\"(max-width: 195px) 100vw, 195px\" \/><\/a><a href=\"https:\/\/xn--puppenbhne-regenbogen-mobil-o3c.de\/wp-content\/uploads\/2020\/04\/Frosch-alleine-klein.jpg\"><img loading=\"lazy\" class=\"alignleft wp-image-778 size-medium\" src=\"https:\/\/xn--puppenbhne-regenbogen-mobil-o3c.de\/wp-content\/uploads\/2020\/04\/Frosch-alleine-klein-211x300.jpg\" alt=\"\" width=\"211\" height=\"300\" srcset=\"https:\/\/xn--puppenbhne-regenbogen-mobil-o3c.de\/wp-content\/uploads\/2020\/04\/Frosch-alleine-klein-211x300.jpg 211w, https:\/\/xn--puppenbhne-regenbogen-mobil-o3c.de\/wp-content\/uploads\/2020\/04\/Frosch-alleine-klein.jpg 281w\" sizes=\"(max-width: 211px) 100vw, 211px\" \/><\/a><a href=\"https:\/\/xn--puppenbhne-regenbogen-mobil-o3c.de\/wp-content\/uploads\/2020\/04\/Storch-Kopf-klein.jpg\"><img loading=\"lazy\" class=\"alignleft wp-image-780 size-medium\" src=\"https:\/\/xn--puppenbhne-regenbogen-mobil-o3c.de\/wp-content\/uploads\/2020\/04\/Storch-Kopf-klein-198x300.jpg\" alt=\"\" width=\"198\" height=\"300\" srcset=\"https:\/\/xn--puppenbhne-regenbogen-mobil-o3c.de\/wp-content\/uploads\/2020\/04\/Storch-Kopf-klein-198x300.jpg 198w, https:\/\/xn--puppenbhne-regenbogen-mobil-o3c.de\/wp-content\/uploads\/2020\/04\/Storch-Kopf-klein.jpg 264w\" sizes=\"(max-width: 198px) 100vw, 198px\" \/><\/a><\/p>\n<p>&nbsp;<\/p>\n<p>&nbsp;<\/p>\n<p>&nbsp;<\/p>\n","protected":false},"excerpt":{"rendered":"<p>Puppenbau Wer als Zuschauer den magischen Moment erlebt hat, wo die Dinge lebendig wurden, hat sehr oft den Wunsch, sich n\u00e4her mit den Besonderheiten und der Sch\u00f6nheit des Figurenspiels zu besch\u00e4ftigen. Ob nun private Einzelpersonen, die sich ganz dem Vergn\u00fcgen hingeben, eine eigene Puppe zu bauen,\u00a0oder Lehrer und Erzieher, die mit Kindern oder Jugendlichen arbeiten [&hellip;]<\/p>\n","protected":false},"author":4,"featured_media":0,"parent":0,"menu_order":0,"comment_status":"closed","ping_status":"closed","template":"","meta":[],"_links":{"self":[{"href":"https:\/\/xn--puppenbhne-regenbogen-mobil-o3c.de\/index.php?rest_route=\/wp\/v2\/pages\/565"}],"collection":[{"href":"https:\/\/xn--puppenbhne-regenbogen-mobil-o3c.de\/index.php?rest_route=\/wp\/v2\/pages"}],"about":[{"href":"https:\/\/xn--puppenbhne-regenbogen-mobil-o3c.de\/index.php?rest_route=\/wp\/v2\/types\/page"}],"author":[{"embeddable":true,"href":"https:\/\/xn--puppenbhne-regenbogen-mobil-o3c.de\/index.php?rest_route=\/wp\/v2\/users\/4"}],"replies":[{"embeddable":true,"href":"https:\/\/xn--puppenbhne-regenbogen-mobil-o3c.de\/index.php?rest_route=%2Fwp%2Fv2%2Fcomments&post=565"}],"version-history":[{"count":33,"href":"https:\/\/xn--puppenbhne-regenbogen-mobil-o3c.de\/index.php?rest_route=\/wp\/v2\/pages\/565\/revisions"}],"predecessor-version":[{"id":1056,"href":"https:\/\/xn--puppenbhne-regenbogen-mobil-o3c.de\/index.php?rest_route=\/wp\/v2\/pages\/565\/revisions\/1056"}],"wp:attachment":[{"href":"https:\/\/xn--puppenbhne-regenbogen-mobil-o3c.de\/index.php?rest_route=%2Fwp%2Fv2%2Fmedia&parent=565"}],"curies":[{"name":"wp","href":"https:\/\/api.w.org\/{rel}","templated":true}]}}