{"id":563,"date":"2020-03-31T15:01:18","date_gmt":"2020-03-31T13:01:18","guid":{"rendered":"https:\/\/xn--puppenbhne-regenbogen-mobil-o3c.de\/?page_id=563"},"modified":"2020-04-15T23:29:02","modified_gmt":"2020-04-15T21:29:02","slug":"verkauf","status":"publish","type":"page","link":"https:\/\/xn--puppenbhne-regenbogen-mobil-o3c.de\/?page_id=563","title":{"rendered":""},"content":{"rendered":"<h1>Verkauf<\/h1>\n<h3>Der sorbische Hausgeist Kubotschik &#8211; ein besonderes Geschenk!<\/h3>\n<p>Da es immer wieder Nachfragen von\u00a0Ausstellungsbesuchern gibt, die eine Puppe erwerben wollen, fertige ich\u00a0den Kubotschik, einen sorbischen Hausgeist als Gl\u00fccksbringer in einem passenden Trockenstrau\u00df an. Die farbliche Gestaltung richtet sich nach Ihren W\u00fcnschen.<br \/>\nJeder Puppenkopf wird in reiner Handarbeit hergestellt und ist ein Unikat mit Zertifikat,. (siehe Beispielfotos)<br \/>\nDer kleine Kobold eignet sich aber auch als Geburtstags- oder Jubil\u00e4umsgeschenk f\u00fcr Leute, die sonst schon alles haben &#8211; also, wer braucht einen echten Gl\u00fccksbringer?<\/p>\n\n\t\t<style type=\"text\/css\">\n\t\t\t#gallery-1 {\n\t\t\t\tmargin: auto;\n\t\t\t}\n\t\t\t#gallery-1 .gallery-item {\n\t\t\t\tfloat: left;\n\t\t\t\tmargin-top: 10px;\n\t\t\t\ttext-align: center;\n\t\t\t\twidth: 33%;\n\t\t\t}\n\t\t\t#gallery-1 img {\n\t\t\t\tborder: 2px solid #cfcfcf;\n\t\t\t}\n\t\t\t#gallery-1 .gallery-caption {\n\t\t\t\tmargin-left: 0;\n\t\t\t}\n\t\t\t\/* see gallery_shortcode() in wp-includes\/media.php *\/\n\t\t<\/style>\n\t\t<div id='gallery-1' class='gallery galleryid-563 gallery-columns-3 gallery-size-medium'><dl class='gallery-item'>\n\t\t\t<dt class='gallery-icon portrait'>\n\t\t\t\t<a href='https:\/\/xn--puppenbhne-regenbogen-mobil-o3c.de\/wp-content\/uploads\/2020\/04\/Kubotschik-mit-Blaudruck-klein.jpg'><img width=\"225\" height=\"300\" src=\"https:\/\/xn--puppenbhne-regenbogen-mobil-o3c.de\/wp-content\/uploads\/2020\/04\/Kubotschik-mit-Blaudruck-klein-225x300.jpg\" class=\"attachment-medium size-medium\" alt=\"\" loading=\"lazy\" aria-describedby=\"gallery-1-772\" srcset=\"https:\/\/xn--puppenbhne-regenbogen-mobil-o3c.de\/wp-content\/uploads\/2020\/04\/Kubotschik-mit-Blaudruck-klein-225x300.jpg 225w, https:\/\/xn--puppenbhne-regenbogen-mobil-o3c.de\/wp-content\/uploads\/2020\/04\/Kubotschik-mit-Blaudruck-klein.jpg 300w\" sizes=\"(max-width: 225px) 100vw, 225px\" \/><\/a>\n\t\t\t<\/dt>\n\t\t\t\t<dd class='wp-caption-text gallery-caption' id='gallery-1-772'>\n\t\t\t\tKubotschik in Blaudruck\n\t\t\t\t<\/dd><\/dl><dl class='gallery-item'>\n\t\t\t<dt class='gallery-icon portrait'>\n\t\t\t\t<a href='https:\/\/xn--puppenbhne-regenbogen-mobil-o3c.de\/wp-content\/uploads\/2020\/04\/Kubotschik-exotisch-klein.jpg'><img width=\"225\" height=\"300\" src=\"https:\/\/xn--puppenbhne-regenbogen-mobil-o3c.de\/wp-content\/uploads\/2020\/04\/Kubotschik-exotisch-klein-225x300.jpg\" class=\"attachment-medium size-medium\" alt=\"\" loading=\"lazy\" aria-describedby=\"gallery-1-773\" srcset=\"https:\/\/xn--puppenbhne-regenbogen-mobil-o3c.de\/wp-content\/uploads\/2020\/04\/Kubotschik-exotisch-klein-225x300.jpg 225w, https:\/\/xn--puppenbhne-regenbogen-mobil-o3c.de\/wp-content\/uploads\/2020\/04\/Kubotschik-exotisch-klein.jpg 300w\" sizes=\"(max-width: 225px) 100vw, 225px\" \/><\/a>\n\t\t\t<\/dt>\n\t\t\t\t<dd class='wp-caption-text gallery-caption' id='gallery-1-773'>\n\t\t\t\tKubotschik exotisch\n\t\t\t\t<\/dd><\/dl><dl class='gallery-item'>\n\t\t\t<dt class='gallery-icon portrait'>\n\t\t\t\t<a href='https:\/\/xn--puppenbhne-regenbogen-mobil-o3c.de\/wp-content\/uploads\/2020\/04\/Bestellt-und-nicht-abgeholt-klein.jpg'><img width=\"225\" height=\"300\" src=\"https:\/\/xn--puppenbhne-regenbogen-mobil-o3c.de\/wp-content\/uploads\/2020\/04\/Bestellt-und-nicht-abgeholt-klein-225x300.jpg\" class=\"attachment-medium size-medium\" alt=\"\" loading=\"lazy\" aria-describedby=\"gallery-1-771\" srcset=\"https:\/\/xn--puppenbhne-regenbogen-mobil-o3c.de\/wp-content\/uploads\/2020\/04\/Bestellt-und-nicht-abgeholt-klein-225x300.jpg 225w, https:\/\/xn--puppenbhne-regenbogen-mobil-o3c.de\/wp-content\/uploads\/2020\/04\/Bestellt-und-nicht-abgeholt-klein.jpg 300w\" sizes=\"(max-width: 225px) 100vw, 225px\" \/><\/a>\n\t\t\t<\/dt>\n\t\t\t\t<dd class='wp-caption-text gallery-caption' id='gallery-1-771'>\n\t\t\t\tBestellt und nicht abgeholt\n\t\t\t\t<\/dd><\/dl><br style=\"clear: both\" \/>\n\t\t<\/div>\n\n<p>&nbsp;<\/p>\n<h3>Der M\u00fchlenkobold Emil aus Frankena<\/h3>\n<p>Hallo, ich bin Emil, der M\u00fchlenkobold aus Frankena!<br \/>\nFr\u00fcher sa\u00df ich versteckt in den Mehls\u00e4cken der alten Wasserm\u00fchle und habe so manchen Schabernack getrieben&#8230;<br \/>\nHeute suche ich mir lieber nette Leute, bei denen ich wohnen kann und bringe ihnen viele Gr\u00fc\u00dfe aus meinem sch\u00f6nen D\u00f6rfchen!<br \/>\nJedes Abbild von mir wird von der Puppenspielerin Karin Heym in aufw\u00e4ndiger Handarbeit modelliert.<br \/>\nIch bin also ein echtes UNIKAT &#8211; mich gibt es nur einmal!<\/p>\n<p>Als Erinnerung und Gru\u00df aus unserem sch\u00f6nes D\u00f6rfchen ist dieser Kobold ein originelles Geschenk f\u00fcr &#8220;Weggezogene&#8221;und auch &#8220;Daheimgebliebene&#8221;.<\/p>\n\n\t\t<style type=\"text\/css\">\n\t\t\t#gallery-2 {\n\t\t\t\tmargin: auto;\n\t\t\t}\n\t\t\t#gallery-2 .gallery-item {\n\t\t\t\tfloat: left;\n\t\t\t\tmargin-top: 10px;\n\t\t\t\ttext-align: center;\n\t\t\t\twidth: 33%;\n\t\t\t}\n\t\t\t#gallery-2 img {\n\t\t\t\tborder: 2px solid #cfcfcf;\n\t\t\t}\n\t\t\t#gallery-2 .gallery-caption {\n\t\t\t\tmargin-left: 0;\n\t\t\t}\n\t\t\t\/* see gallery_shortcode() in wp-includes\/media.php *\/\n\t\t<\/style>\n\t\t<div id='gallery-2' class='gallery galleryid-563 gallery-columns-3 gallery-size-medium'><dl class='gallery-item'>\n\t\t\t<dt class='gallery-icon portrait'>\n\t\t\t\t<a href='https:\/\/xn--puppenbhne-regenbogen-mobil-o3c.de\/wp-content\/uploads\/2020\/04\/M\u00fchlenkobold-lila-klein.jpg'><img width=\"180\" height=\"300\" src=\"https:\/\/xn--puppenbhne-regenbogen-mobil-o3c.de\/wp-content\/uploads\/2020\/04\/M\u00fchlenkobold-lila-klein-180x300.jpg\" class=\"attachment-medium size-medium\" alt=\"\" loading=\"lazy\" srcset=\"https:\/\/xn--puppenbhne-regenbogen-mobil-o3c.de\/wp-content\/uploads\/2020\/04\/M\u00fchlenkobold-lila-klein-180x300.jpg 180w, https:\/\/xn--puppenbhne-regenbogen-mobil-o3c.de\/wp-content\/uploads\/2020\/04\/M\u00fchlenkobold-lila-klein.jpg 240w\" sizes=\"(max-width: 180px) 100vw, 180px\" \/><\/a>\n\t\t\t<\/dt><\/dl><dl class='gallery-item'>\n\t\t\t<dt class='gallery-icon portrait'>\n\t\t\t\t<a href='https:\/\/xn--puppenbhne-regenbogen-mobil-o3c.de\/wp-content\/uploads\/2020\/04\/M\u00fchlenkobold-blau.jpg'><img width=\"225\" height=\"300\" src=\"https:\/\/xn--puppenbhne-regenbogen-mobil-o3c.de\/wp-content\/uploads\/2020\/04\/M\u00fchlenkobold-blau-225x300.jpg\" class=\"attachment-medium size-medium\" alt=\"\" loading=\"lazy\" srcset=\"https:\/\/xn--puppenbhne-regenbogen-mobil-o3c.de\/wp-content\/uploads\/2020\/04\/M\u00fchlenkobold-blau-225x300.jpg 225w, https:\/\/xn--puppenbhne-regenbogen-mobil-o3c.de\/wp-content\/uploads\/2020\/04\/M\u00fchlenkobold-blau.jpg 300w\" sizes=\"(max-width: 225px) 100vw, 225px\" \/><\/a>\n\t\t\t<\/dt><\/dl><dl class='gallery-item'>\n\t\t\t<dt class='gallery-icon portrait'>\n\t\t\t\t<a href='https:\/\/xn--puppenbhne-regenbogen-mobil-o3c.de\/wp-content\/uploads\/2020\/04\/M\u00fchlenkobold-rot-klein.jpg'><img width=\"225\" height=\"300\" src=\"https:\/\/xn--puppenbhne-regenbogen-mobil-o3c.de\/wp-content\/uploads\/2020\/04\/M\u00fchlenkobold-rot-klein-225x300.jpg\" class=\"attachment-medium size-medium\" alt=\"\" loading=\"lazy\" srcset=\"https:\/\/xn--puppenbhne-regenbogen-mobil-o3c.de\/wp-content\/uploads\/2020\/04\/M\u00fchlenkobold-rot-klein-225x300.jpg 225w, https:\/\/xn--puppenbhne-regenbogen-mobil-o3c.de\/wp-content\/uploads\/2020\/04\/M\u00fchlenkobold-rot-klein.jpg 300w\" sizes=\"(max-width: 225px) 100vw, 225px\" \/><\/a>\n\t\t\t<\/dt><\/dl><br style=\"clear: both\" \/>\n\t\t<\/div>\n\n<p>&nbsp;<\/p>\n<p>..<\/p>\n","protected":false},"excerpt":{"rendered":"<p>Verkauf Der sorbische Hausgeist Kubotschik &#8211; ein besonderes Geschenk! Da es immer wieder Nachfragen von\u00a0Ausstellungsbesuchern gibt, die eine Puppe erwerben wollen, fertige ich\u00a0den Kubotschik, einen sorbischen Hausgeist als Gl\u00fccksbringer in einem passenden Trockenstrau\u00df an. Die farbliche Gestaltung richtet sich nach Ihren W\u00fcnschen. Jeder Puppenkopf wird in reiner Handarbeit hergestellt und ist ein Unikat mit Zertifikat,. [&hellip;]<\/p>\n","protected":false},"author":4,"featured_media":0,"parent":0,"menu_order":0,"comment_status":"closed","ping_status":"closed","template":"","meta":[],"_links":{"self":[{"href":"https:\/\/xn--puppenbhne-regenbogen-mobil-o3c.de\/index.php?rest_route=\/wp\/v2\/pages\/563"}],"collection":[{"href":"https:\/\/xn--puppenbhne-regenbogen-mobil-o3c.de\/index.php?rest_route=\/wp\/v2\/pages"}],"about":[{"href":"https:\/\/xn--puppenbhne-regenbogen-mobil-o3c.de\/index.php?rest_route=\/wp\/v2\/types\/page"}],"author":[{"embeddable":true,"href":"https:\/\/xn--puppenbhne-regenbogen-mobil-o3c.de\/index.php?rest_route=\/wp\/v2\/users\/4"}],"replies":[{"embeddable":true,"href":"https:\/\/xn--puppenbhne-regenbogen-mobil-o3c.de\/index.php?rest_route=%2Fwp%2Fv2%2Fcomments&post=563"}],"version-history":[{"count":24,"href":"https:\/\/xn--puppenbhne-regenbogen-mobil-o3c.de\/index.php?rest_route=\/wp\/v2\/pages\/563\/revisions"}],"predecessor-version":[{"id":1050,"href":"https:\/\/xn--puppenbhne-regenbogen-mobil-o3c.de\/index.php?rest_route=\/wp\/v2\/pages\/563\/revisions\/1050"}],"wp:attachment":[{"href":"https:\/\/xn--puppenbhne-regenbogen-mobil-o3c.de\/index.php?rest_route=%2Fwp%2Fv2%2Fmedia&parent=563"}],"curies":[{"name":"wp","href":"https:\/\/api.w.org\/{rel}","templated":true}]}}