{"id":560,"date":"2020-03-31T15:03:09","date_gmt":"2020-03-31T13:03:09","guid":{"rendered":"https:\/\/xn--puppenbhne-regenbogen-mobil-o3c.de\/?page_id=560"},"modified":"2020-04-15T21:14:38","modified_gmt":"2020-04-15T19:14:38","slug":"ag-figurenspiel","status":"publish","type":"page","link":"https:\/\/xn--puppenbhne-regenbogen-mobil-o3c.de\/?page_id=560","title":{"rendered":""},"content":{"rendered":"<h2>Arbeitsgemeinschaft Figurenspiel in der Ganztagsschule R\u00fcckersdorf<\/h2>\n<p>Vom Kulturamt Elbe-Elster wurde ich im Jahr 2017 gefragt, ob ich Interesse h\u00e4tte, in einer Schule \u00a0eine Arbeitsgemeinschaft Puppen- und Figurenspiel\u00a0 anzuleiten. Das Puppentheater hat\u00a0 in der Region Elbe-Elster eine jahrhundertelange Tradition und es w\u00e4re ein wichtiges Anliegen, diese auch den Kindern der heutigen Generation nahezubringen.Da ich fr\u00fcher schon mit Kindern gearbeitet hatte, erkl\u00e4rte ich mich gern bereit, an der Ganztagsschule R\u00fcckersdorf eine Puppenspiel AG zu gr\u00fcnden, zumal von Seiten der Schulleitung \u00a0gro\u00dfes Interesse bestand.<br \/>\nF\u00fcr die Anschub-Finanzierung dieses Projektes wurden\u00a0 F\u00f6rdermittel\u00a0 vom Landkreis EE und der Plattform \u201eKulturelle Bildung\u201c des Landes Brandenburg f\u00fcr eine Grundausstattung an Technik und Material\u00a0 bereitgestellt.Besonders erfreulich war es, dass uns von der Gemeinde R\u00fcckersdorf \u00a0ein eigener Raum im Geb\u00e4ude der Turnhalle zur Verf\u00fcgung gestellt wurde, so dass die Bedingungen f\u00fcr eine kontinuierliche Arbeit gegeben waren.<br \/>\nIn jeweils 2 Stunden pro Woche wurden die 6 bis 8 Teilnehmer auf spielerische Weise mit den Besonderheiten des Figurenspiels vertraut gemacht.<br \/>\nWir bauten gemeinsam einfache Figuren wie Sockenpuppen, Tuchmarionetten oder Kegelpuppen und lernten, diese zu f\u00fchren.<br \/>\nSchauspielerische \u00dcbungen und\u00a0 gemeinsame Spiele dienten dazu, die Kreativit\u00e4t und Phantasie zu entwickeltn\u00a0 &#8211; aber auch das Gruppengef\u00fchl.<br \/>\nEin besonderer H\u00f6hepunkt ist seit 3 Jahren der Auftritt der AG mit einer kleinen Inszenierung\u00a0 zur Er\u00f6ffnung des Internationalen Puppentheaterfestivals im Schloss Doberlug.<\/p>\n<h3>In der folgenden Galerie sind einige Figuren zu sehen, die von den Kindern gebaut wurden:<\/h3>\n\n\t\t<style type=\"text\/css\">\n\t\t\t#gallery-1 {\n\t\t\t\tmargin: auto;\n\t\t\t}\n\t\t\t#gallery-1 .gallery-item {\n\t\t\t\tfloat: left;\n\t\t\t\tmargin-top: 10px;\n\t\t\t\ttext-align: center;\n\t\t\t\twidth: 12%;\n\t\t\t}\n\t\t\t#gallery-1 img {\n\t\t\t\tborder: 2px solid #cfcfcf;\n\t\t\t}\n\t\t\t#gallery-1 .gallery-caption {\n\t\t\t\tmargin-left: 0;\n\t\t\t}\n\t\t\t\/* see gallery_shortcode() in wp-includes\/media.php *\/\n\t\t<\/style>\n\t\t<div id='gallery-1' class='gallery galleryid-560 gallery-columns-8 gallery-size-thumbnail'><dl class='gallery-item'>\n\t\t\t<dt class='gallery-icon portrait'>\n\t\t\t\t<a href='https:\/\/xn--puppenbhne-regenbogen-mobil-o3c.de\/wp-content\/uploads\/2020\/04\/Schweinchen-AG-klein.jpg'><img width=\"150\" height=\"150\" src=\"https:\/\/xn--puppenbhne-regenbogen-mobil-o3c.de\/wp-content\/uploads\/2020\/04\/Schweinchen-AG-klein-150x150.jpg\" class=\"attachment-thumbnail size-thumbnail\" alt=\"\" loading=\"lazy\" \/><\/a>\n\t\t\t<\/dt><\/dl><dl class='gallery-item'>\n\t\t\t<dt class='gallery-icon portrait'>\n\t\t\t\t<a href='https:\/\/xn--puppenbhne-regenbogen-mobil-o3c.de\/wp-content\/uploads\/2020\/04\/Sockenpuppen-3-klein.jpg'><img width=\"150\" height=\"150\" src=\"https:\/\/xn--puppenbhne-regenbogen-mobil-o3c.de\/wp-content\/uploads\/2020\/04\/Sockenpuppen-3-klein-150x150.jpg\" class=\"attachment-thumbnail size-thumbnail\" alt=\"\" loading=\"lazy\" \/><\/a>\n\t\t\t<\/dt><\/dl><dl class='gallery-item'>\n\t\t\t<dt class='gallery-icon landscape'>\n\t\t\t\t<a href='https:\/\/xn--puppenbhne-regenbogen-mobil-o3c.de\/wp-content\/uploads\/2020\/04\/Sockenpuppen-AG-klein.jpg'><img width=\"150\" height=\"150\" src=\"https:\/\/xn--puppenbhne-regenbogen-mobil-o3c.de\/wp-content\/uploads\/2020\/04\/Sockenpuppen-AG-klein-150x150.jpg\" class=\"attachment-thumbnail size-thumbnail\" alt=\"\" loading=\"lazy\" \/><\/a>\n\t\t\t<\/dt><\/dl><dl class='gallery-item'>\n\t\t\t<dt class='gallery-icon portrait'>\n\t\t\t\t<a href='https:\/\/xn--puppenbhne-regenbogen-mobil-o3c.de\/wp-content\/uploads\/2020\/04\/Fr\u00f6sche-Klein.jpg'><img width=\"150\" height=\"150\" src=\"https:\/\/xn--puppenbhne-regenbogen-mobil-o3c.de\/wp-content\/uploads\/2020\/04\/Fr\u00f6sche-Klein-150x150.jpg\" class=\"attachment-thumbnail size-thumbnail\" alt=\"\" loading=\"lazy\" \/><\/a>\n\t\t\t<\/dt><\/dl><dl class='gallery-item'>\n\t\t\t<dt class='gallery-icon landscape'>\n\t\t\t\t<a href='https:\/\/xn--puppenbhne-regenbogen-mobil-o3c.de\/wp-content\/uploads\/2020\/04\/Tuchmarionetten-AG-klein.jpg'><img width=\"150\" height=\"150\" src=\"https:\/\/xn--puppenbhne-regenbogen-mobil-o3c.de\/wp-content\/uploads\/2020\/04\/Tuchmarionetten-AG-klein-150x150.jpg\" class=\"attachment-thumbnail size-thumbnail\" alt=\"\" loading=\"lazy\" \/><\/a>\n\t\t\t<\/dt><\/dl><dl class='gallery-item'>\n\t\t\t<dt class='gallery-icon portrait'>\n\t\t\t\t<a href='https:\/\/xn--puppenbhne-regenbogen-mobil-o3c.de\/wp-content\/uploads\/2020\/04\/Schneefl\u00f6ckchen2-klein.jpg'><img width=\"150\" height=\"150\" src=\"https:\/\/xn--puppenbhne-regenbogen-mobil-o3c.de\/wp-content\/uploads\/2020\/04\/Schneefl\u00f6ckchen2-klein-150x150.jpg\" class=\"attachment-thumbnail size-thumbnail\" alt=\"\" loading=\"lazy\" \/><\/a>\n\t\t\t<\/dt><\/dl><dl class='gallery-item'>\n\t\t\t<dt class='gallery-icon landscape'>\n\t\t\t\t<a href='https:\/\/xn--puppenbhne-regenbogen-mobil-o3c.de\/wp-content\/uploads\/2020\/04\/Der-L\u00f6we-klein.jpg'><img width=\"150\" height=\"150\" src=\"https:\/\/xn--puppenbhne-regenbogen-mobil-o3c.de\/wp-content\/uploads\/2020\/04\/Der-L\u00f6we-klein-150x150.jpg\" class=\"attachment-thumbnail size-thumbnail\" alt=\"\" loading=\"lazy\" \/><\/a>\n\t\t\t<\/dt><\/dl><dl class='gallery-item'>\n\t\t\t<dt class='gallery-icon landscape'>\n\t\t\t\t<a href='https:\/\/xn--puppenbhne-regenbogen-mobil-o3c.de\/wp-content\/uploads\/2020\/04\/Mutter-Maus-und-die-Kleinen.jpg'><img width=\"150\" height=\"150\" src=\"https:\/\/xn--puppenbhne-regenbogen-mobil-o3c.de\/wp-content\/uploads\/2020\/04\/Mutter-Maus-und-die-Kleinen-150x150.jpg\" class=\"attachment-thumbnail size-thumbnail\" alt=\"\" loading=\"lazy\" \/><\/a>\n\t\t\t<\/dt><\/dl><br style=\"clear: both\" \/>\n\t\t<\/div>\n\n<p>&nbsp;<\/p>\n","protected":false},"excerpt":{"rendered":"<p>Arbeitsgemeinschaft Figurenspiel in der Ganztagsschule R\u00fcckersdorf Vom Kulturamt Elbe-Elster wurde ich im Jahr 2017 gefragt, ob ich Interesse h\u00e4tte, in einer Schule \u00a0eine Arbeitsgemeinschaft Puppen- und Figurenspiel\u00a0 anzuleiten. Das Puppentheater hat\u00a0 in der Region Elbe-Elster eine jahrhundertelange Tradition und es w\u00e4re ein wichtiges Anliegen, diese auch den Kindern der heutigen Generation nahezubringen.Da ich fr\u00fcher schon [&hellip;]<\/p>\n","protected":false},"author":4,"featured_media":0,"parent":0,"menu_order":0,"comment_status":"closed","ping_status":"closed","template":"","meta":[],"_links":{"self":[{"href":"https:\/\/xn--puppenbhne-regenbogen-mobil-o3c.de\/index.php?rest_route=\/wp\/v2\/pages\/560"}],"collection":[{"href":"https:\/\/xn--puppenbhne-regenbogen-mobil-o3c.de\/index.php?rest_route=\/wp\/v2\/pages"}],"about":[{"href":"https:\/\/xn--puppenbhne-regenbogen-mobil-o3c.de\/index.php?rest_route=\/wp\/v2\/types\/page"}],"author":[{"embeddable":true,"href":"https:\/\/xn--puppenbhne-regenbogen-mobil-o3c.de\/index.php?rest_route=\/wp\/v2\/users\/4"}],"replies":[{"embeddable":true,"href":"https:\/\/xn--puppenbhne-regenbogen-mobil-o3c.de\/index.php?rest_route=%2Fwp%2Fv2%2Fcomments&post=560"}],"version-history":[{"count":13,"href":"https:\/\/xn--puppenbhne-regenbogen-mobil-o3c.de\/index.php?rest_route=\/wp\/v2\/pages\/560\/revisions"}],"predecessor-version":[{"id":1042,"href":"https:\/\/xn--puppenbhne-regenbogen-mobil-o3c.de\/index.php?rest_route=\/wp\/v2\/pages\/560\/revisions\/1042"}],"wp:attachment":[{"href":"https:\/\/xn--puppenbhne-regenbogen-mobil-o3c.de\/index.php?rest_route=%2Fwp%2Fv2%2Fmedia&parent=560"}],"curies":[{"name":"wp","href":"https:\/\/api.w.org\/{rel}","templated":true}]}}