{"id":220,"date":"2020-03-25T20:37:57","date_gmt":"2020-03-25T19:37:57","guid":{"rendered":"https:\/\/xn--puppenbhne-regenbogen-mobil-o3c.de\/?page_id=220"},"modified":"2020-04-13T21:55:45","modified_gmt":"2020-04-13T19:55:45","slug":"die-abenteuer-des-pumpot","status":"publish","type":"page","link":"https:\/\/xn--puppenbhne-regenbogen-mobil-o3c.de\/?page_id=220","title":{"rendered":"Die Abenteuer des Pumpot"},"content":{"rendered":"<h1 style=\"text-align: left;\">&#8220;Die Abenteuer des Pumpot&#8221;<\/h1>\n<h2>Ein Erz\u00e4hltheater mit Puppen frei nach dem Kinderbuch von Gerat Hendrich<\/h2>\n<ul>\n<li><strong>Altersangabe:<\/strong> 5 bis 10 Jahre<\/li>\n<li><strong>Spieldauer<\/strong>: ca 45 Min.<\/li>\n<\/ul>\n<p><strong><a href=\"https:\/\/xn--puppenbhne-regenbogen-mobil-o3c.de\/wp-content\/uploads\/2020\/03\/Wassermann-kopf.jpg\"><img loading=\"lazy\" class=\"alignleft wp-image-195\" src=\"https:\/\/xn--puppenbhne-regenbogen-mobil-o3c.de\/wp-content\/uploads\/2020\/03\/Wassermann-kopf-300x225.jpg\" alt=\"\" width=\"287\" height=\"215\" srcset=\"https:\/\/xn--puppenbhne-regenbogen-mobil-o3c.de\/wp-content\/uploads\/2020\/03\/Wassermann-kopf-300x225.jpg 300w, https:\/\/xn--puppenbhne-regenbogen-mobil-o3c.de\/wp-content\/uploads\/2020\/03\/Wassermann-kopf.jpg 400w\" sizes=\"(max-width: 287px) 100vw, 287px\" \/><\/a> <\/strong><\/p>\n<p><u>Inhalt:<\/u><u><\/u><strong><u><br \/>\n<\/u><\/strong>Die Puppenspielerin Karin Heym und der Wassermann erz\u00e4hlen gemeinsam die Geschichte von Martin Pumpot, der schon als kleiner Junge von einem guten Hausgeist einen Zauberhut bekam. Eigentlich wollte der Wassermann nichts weiter, als friedlich in seinem M\u00fchlenteich zu sitzen &#8211; aber als nach einer langen Hitzeperiode der Teich austrocknete und er von dem b\u00f6sen M\u00fcller gefangen wurde, war es mit dem geruhsamen Leben vorbei. Tag und Nacht musste er f\u00fcr den habgierigen M\u00fcller das schwere M\u00fchlrad drehen. Erst\u00a0 Martin Pumpot, der auf der Suche nach Arbeit in diese M\u00fchle kam, half ihm aus seiner Not. Gemeinsam mit seinem neuen Freund verlie\u00df nun der Wassermann die M\u00fchle &#8211; und schon erlebt er ein Abenteuer nach dem anderen. Er begegnet der Mittagsfrau, die alle bestraft, die sie in der Mittagshitze auf dem Feld antrifft. Und nur, weil ihm die Kinder helfen, die 3 Aufgaben der Mittagsfrau zu l\u00f6sen, kann er sein Leben retten. Er trifft die Irrlichter, die versuchen, die Lutken in den Sumpf zu locken und jagt dem Plon, einem seltsamen Wesen mit Hahnenkopf und Drachenk\u00f6rper, den gestohlenen Zauberhut wieder ab. Blo\u00df gut, dass Martin Pumpot so einen tapferen und klugen Freund hat, sonst w\u00e4re die Geschichte nicht so gut ausgegangen!<\/p>\n<h4>Besonders geeignet f\u00fcr Kitas und Schulen, die sich auf spielerische Weise mit dem wendisch-sorbischen Brauchtum besch\u00e4ftigen..<\/h4>\n<p>&nbsp;<\/p>\n\n\t\t<style type=\"text\/css\">\n\t\t\t#gallery-1 {\n\t\t\t\tmargin: auto;\n\t\t\t}\n\t\t\t#gallery-1 .gallery-item {\n\t\t\t\tfloat: left;\n\t\t\t\tmargin-top: 10px;\n\t\t\t\ttext-align: center;\n\t\t\t\twidth: 16%;\n\t\t\t}\n\t\t\t#gallery-1 img {\n\t\t\t\tborder: 2px solid #cfcfcf;\n\t\t\t}\n\t\t\t#gallery-1 .gallery-caption {\n\t\t\t\tmargin-left: 0;\n\t\t\t}\n\t\t\t\/* see gallery_shortcode() in wp-includes\/media.php *\/\n\t\t<\/style>\n\t\t<div id='gallery-1' class='gallery galleryid-220 gallery-columns-6 gallery-size-thumbnail'><dl class='gallery-item'>\n\t\t\t<dt class='gallery-icon portrait'>\n\t\t\t\t<a href='https:\/\/xn--puppenbhne-regenbogen-mobil-o3c.de\/wp-content\/uploads\/2020\/03\/Wassermann-sitzt.jpg'><img width=\"150\" height=\"150\" src=\"https:\/\/xn--puppenbhne-regenbogen-mobil-o3c.de\/wp-content\/uploads\/2020\/03\/Wassermann-sitzt-150x150.jpg\" class=\"attachment-thumbnail size-thumbnail\" alt=\"\" loading=\"lazy\" aria-describedby=\"gallery-1-450\" srcset=\"https:\/\/xn--puppenbhne-regenbogen-mobil-o3c.de\/wp-content\/uploads\/2020\/03\/Wassermann-sitzt-150x150.jpg 150w, https:\/\/xn--puppenbhne-regenbogen-mobil-o3c.de\/wp-content\/uploads\/2020\/03\/Wassermann-sitzt-399x400.jpg 399w\" sizes=\"(max-width: 150px) 100vw, 150px\" \/><\/a>\n\t\t\t<\/dt>\n\t\t\t\t<dd class='wp-caption-text gallery-caption' id='gallery-1-450'>\n\t\t\t\tWassermann\n\t\t\t\t<\/dd><\/dl><dl class='gallery-item'>\n\t\t\t<dt class='gallery-icon landscape'>\n\t\t\t\t<a href='https:\/\/xn--puppenbhne-regenbogen-mobil-o3c.de\/wp-content\/uploads\/2020\/03\/Mittagsfrau-und-Wassermann.jpg'><img width=\"150\" height=\"150\" src=\"https:\/\/xn--puppenbhne-regenbogen-mobil-o3c.de\/wp-content\/uploads\/2020\/03\/Mittagsfrau-und-Wassermann-150x150.jpg\" class=\"attachment-thumbnail size-thumbnail\" alt=\"\" loading=\"lazy\" aria-describedby=\"gallery-1-447\" \/><\/a>\n\t\t\t<\/dt>\n\t\t\t\t<dd class='wp-caption-text gallery-caption' id='gallery-1-447'>\n\t\t\t\tMittagsfrau und Wassermann\n\t\t\t\t<\/dd><\/dl><dl class='gallery-item'>\n\t\t\t<dt class='gallery-icon landscape'>\n\t\t\t\t<a href='https:\/\/xn--puppenbhne-regenbogen-mobil-o3c.de\/wp-content\/uploads\/2020\/03\/Mittagsfrau-Portrait.jpg'><img width=\"150\" height=\"150\" src=\"https:\/\/xn--puppenbhne-regenbogen-mobil-o3c.de\/wp-content\/uploads\/2020\/03\/Mittagsfrau-Portrait-150x150.jpg\" class=\"attachment-thumbnail size-thumbnail\" alt=\"\" loading=\"lazy\" aria-describedby=\"gallery-1-446\" \/><\/a>\n\t\t\t<\/dt>\n\t\t\t\t<dd class='wp-caption-text gallery-caption' id='gallery-1-446'>\n\t\t\t\tMittagsfrau\n\t\t\t\t<\/dd><\/dl><dl class='gallery-item'>\n\t\t\t<dt class='gallery-icon landscape'>\n\t\t\t\t<a href='https:\/\/xn--puppenbhne-regenbogen-mobil-o3c.de\/wp-content\/uploads\/2020\/03\/3-Lutken.jpg'><img width=\"150\" height=\"150\" src=\"https:\/\/xn--puppenbhne-regenbogen-mobil-o3c.de\/wp-content\/uploads\/2020\/03\/3-Lutken-150x150.jpg\" class=\"attachment-thumbnail size-thumbnail\" alt=\"\" loading=\"lazy\" aria-describedby=\"gallery-1-452\" \/><\/a>\n\t\t\t<\/dt>\n\t\t\t\t<dd class='wp-caption-text gallery-caption' id='gallery-1-452'>\n\t\t\t\tLutken\n\t\t\t\t<\/dd><\/dl><dl class='gallery-item'>\n\t\t\t<dt class='gallery-icon landscape'>\n\t\t\t\t<a href='https:\/\/xn--puppenbhne-regenbogen-mobil-o3c.de\/wp-content\/uploads\/2020\/03\/Wald-und-Lutki.jpg'><img width=\"150\" height=\"150\" src=\"https:\/\/xn--puppenbhne-regenbogen-mobil-o3c.de\/wp-content\/uploads\/2020\/03\/Wald-und-Lutki-150x150.jpg\" class=\"attachment-thumbnail size-thumbnail\" alt=\"\" loading=\"lazy\" aria-describedby=\"gallery-1-449\" \/><\/a>\n\t\t\t<\/dt>\n\t\t\t\t<dd class='wp-caption-text gallery-caption' id='gallery-1-449'>\n\t\t\t\tLutken und Wassermann\n\t\t\t\t<\/dd><\/dl><dl class='gallery-item'>\n\t\t\t<dt class='gallery-icon landscape'>\n\t\t\t\t<a href='https:\/\/xn--puppenbhne-regenbogen-mobil-o3c.de\/wp-content\/uploads\/2020\/03\/Wald-und-Irrlichter.jpg'><img width=\"150\" height=\"150\" src=\"https:\/\/xn--puppenbhne-regenbogen-mobil-o3c.de\/wp-content\/uploads\/2020\/03\/Wald-und-Irrlichter-150x150.jpg\" class=\"attachment-thumbnail size-thumbnail\" alt=\"\" loading=\"lazy\" aria-describedby=\"gallery-1-448\" \/><\/a>\n\t\t\t<\/dt>\n\t\t\t\t<dd class='wp-caption-text gallery-caption' id='gallery-1-448'>\n\t\t\t\tLutken und Irrlichter\n\t\t\t\t<\/dd><\/dl><br style=\"clear: both\" \/>\n\t\t<\/div>\n\n<p>&nbsp;<\/p>\n<p>&nbsp;<\/p>\n<p>&nbsp;<\/p>\n","protected":false},"excerpt":{"rendered":"<p>&#8220;Die Abenteuer des Pumpot&#8221; Ein Erz\u00e4hltheater mit Puppen frei nach dem Kinderbuch von Gerat Hendrich Altersangabe: 5 bis 10 Jahre Spieldauer: ca 45 Min. Inhalt: Die Puppenspielerin Karin Heym und der Wassermann erz\u00e4hlen gemeinsam die Geschichte von Martin Pumpot, der schon als kleiner Junge von einem guten Hausgeist einen Zauberhut bekam. Eigentlich wollte der Wassermann [&hellip;]<\/p>\n","protected":false},"author":4,"featured_media":0,"parent":0,"menu_order":0,"comment_status":"closed","ping_status":"closed","template":"template-notitle.php","meta":[],"_links":{"self":[{"href":"https:\/\/xn--puppenbhne-regenbogen-mobil-o3c.de\/index.php?rest_route=\/wp\/v2\/pages\/220"}],"collection":[{"href":"https:\/\/xn--puppenbhne-regenbogen-mobil-o3c.de\/index.php?rest_route=\/wp\/v2\/pages"}],"about":[{"href":"https:\/\/xn--puppenbhne-regenbogen-mobil-o3c.de\/index.php?rest_route=\/wp\/v2\/types\/page"}],"author":[{"embeddable":true,"href":"https:\/\/xn--puppenbhne-regenbogen-mobil-o3c.de\/index.php?rest_route=\/wp\/v2\/users\/4"}],"replies":[{"embeddable":true,"href":"https:\/\/xn--puppenbhne-regenbogen-mobil-o3c.de\/index.php?rest_route=%2Fwp%2Fv2%2Fcomments&post=220"}],"version-history":[{"count":25,"href":"https:\/\/xn--puppenbhne-regenbogen-mobil-o3c.de\/index.php?rest_route=\/wp\/v2\/pages\/220\/revisions"}],"predecessor-version":[{"id":752,"href":"https:\/\/xn--puppenbhne-regenbogen-mobil-o3c.de\/index.php?rest_route=\/wp\/v2\/pages\/220\/revisions\/752"}],"wp:attachment":[{"href":"https:\/\/xn--puppenbhne-regenbogen-mobil-o3c.de\/index.php?rest_route=%2Fwp%2Fv2%2Fmedia&parent=220"}],"curies":[{"name":"wp","href":"https:\/\/api.w.org\/{rel}","templated":true}]}}