{"id":2,"date":"2020-03-22T11:57:07","date_gmt":"2020-03-22T10:57:07","guid":{"rendered":"http:\/\/xn--puppenbhne-regenbogen-mobil-o3c.de\/?page_id=2"},"modified":"2020-03-30T17:01:02","modified_gmt":"2020-03-30T15:01:02","slug":"beispiel-seite","status":"publish","type":"page","link":"https:\/\/xn--puppenbhne-regenbogen-mobil-o3c.de\/","title":{"rendered":"Willkommen in der Puppenb\u00fchne Regenbogen-mobil"},"content":{"rendered":"<h1>Willkommen in der &#8220;Puppenb\u00fchne Regenbogen-mobil&#8221;<\/h1>\n<p><a href=\"https:\/\/xn--puppenbhne-regenbogen-mobil-o3c.de\/wp-content\/uploads\/2020\/03\/Hexe4-Tuchmarionette-2.jpg\"><img loading=\"lazy\" class=\"alignleft wp-image-394 size-full\" src=\"https:\/\/xn--puppenbhne-regenbogen-mobil-o3c.de\/wp-content\/uploads\/2020\/03\/Hexe4-Tuchmarionette-2.jpg\" alt=\"\" width=\"300\" height=\"400\" srcset=\"https:\/\/xn--puppenbhne-regenbogen-mobil-o3c.de\/wp-content\/uploads\/2020\/03\/Hexe4-Tuchmarionette-2.jpg 300w, https:\/\/xn--puppenbhne-regenbogen-mobil-o3c.de\/wp-content\/uploads\/2020\/03\/Hexe4-Tuchmarionette-2-225x300.jpg 225w\" sizes=\"(max-width: 300px) 100vw, 300px\" \/><\/a><\/p>\n<ul>\n<li><strong>Die Puppenb\u00fchne Regenbogen-mobil&#8230;<\/strong><strong><br \/>\n<\/strong>das sind Karin Heym und Franziska George, Mutter und Tochter, wohnhaft in Frankena, einem sch\u00f6nen D\u00f6rfchen bei Doberlug-Kirchhain. (siehe &#8220;\u00dcber uns&#8221;)<\/li>\n<li><strong>Die Puppenb\u00fchne Regenbogen-mobil&#8230;<\/strong><strong><br \/>\n<\/strong>kommt zu verschiedenen Anl\u00e4ssen gern zu Ihnen \u2013 ob Kita, Dorffest, Kindertag oder Weihnachtsfeier, sofern Sie einen st\u00f6rungsfreien Raum f\u00fcr h\u00f6chstens 50 Zuschauer haben. Wir spielen nicht im Freien, um den Kindern einen ungest\u00f6rten Genuss zu erm\u00f6glichen.<\/li>\n<li style=\"text-align: left;\"><strong>Die Puppenb\u00fchne Regenbogen-mobil&#8230;<br \/>\n<\/strong>zeigt Inszenierungen f\u00fcr Kinder ab 3 Jahre (Bitte die Altersangaben beachten)<br \/>\nBei uns sind die Kinder nicht nur passive Zuschauer, sondern werden in das Spiel einbezogen und helfen mit, dass die Geschichte immer einen gl\u00fccklichen Ausgang nimmt. (siehe &#8220;St\u00fccke&#8221;)<\/li>\n<li style=\"text-align: left;\"><strong>Die Puppenb\u00fchne Regenbogen-mobil&#8230;<\/strong><br \/>\nspielt mit verschiedene Puppenarten &#8211; alle Figuren sind von Karin Heym selbst entworfen und gebaut.<br \/>\nIn ihrer Puppenwerkstatt entstehen auch der M\u00fchlenkobold Emil aus Frankena und der sorbische Hausgeist Kubotschik als besonderes Geschenk. (Siehe&#8221;Projekte&#8221;)<\/li>\n<\/ul>\n","protected":false},"excerpt":{"rendered":"<p>Willkommen in der &#8220;Puppenb\u00fchne Regenbogen-mobil&#8221; Die Puppenb\u00fchne Regenbogen-mobil&#8230; das sind Karin Heym und Franziska George, Mutter und Tochter, wohnhaft in Frankena, einem sch\u00f6nen D\u00f6rfchen bei Doberlug-Kirchhain. (siehe &#8220;\u00dcber uns&#8221;) Die Puppenb\u00fchne Regenbogen-mobil&#8230; kommt zu verschiedenen Anl\u00e4ssen gern zu Ihnen \u2013 ob Kita, Dorffest, Kindertag oder Weihnachtsfeier, sofern Sie einen st\u00f6rungsfreien Raum f\u00fcr h\u00f6chstens 50 Zuschauer [&hellip;]<\/p>\n","protected":false},"author":1,"featured_media":0,"parent":0,"menu_order":0,"comment_status":"closed","ping_status":"open","template":"template-notitle.php","meta":[],"_links":{"self":[{"href":"https:\/\/xn--puppenbhne-regenbogen-mobil-o3c.de\/index.php?rest_route=\/wp\/v2\/pages\/2"}],"collection":[{"href":"https:\/\/xn--puppenbhne-regenbogen-mobil-o3c.de\/index.php?rest_route=\/wp\/v2\/pages"}],"about":[{"href":"https:\/\/xn--puppenbhne-regenbogen-mobil-o3c.de\/index.php?rest_route=\/wp\/v2\/types\/page"}],"author":[{"embeddable":true,"href":"https:\/\/xn--puppenbhne-regenbogen-mobil-o3c.de\/index.php?rest_route=\/wp\/v2\/users\/1"}],"replies":[{"embeddable":true,"href":"https:\/\/xn--puppenbhne-regenbogen-mobil-o3c.de\/index.php?rest_route=%2Fwp%2Fv2%2Fcomments&post=2"}],"version-history":[{"count":23,"href":"https:\/\/xn--puppenbhne-regenbogen-mobil-o3c.de\/index.php?rest_route=\/wp\/v2\/pages\/2\/revisions"}],"predecessor-version":[{"id":520,"href":"https:\/\/xn--puppenbhne-regenbogen-mobil-o3c.de\/index.php?rest_route=\/wp\/v2\/pages\/2\/revisions\/520"}],"wp:attachment":[{"href":"https:\/\/xn--puppenbhne-regenbogen-mobil-o3c.de\/index.php?rest_route=%2Fwp%2Fv2%2Fmedia&parent=2"}],"curies":[{"name":"wp","href":"https:\/\/api.w.org\/{rel}","templated":true}]}}