{"id":1069,"date":"2020-07-15T23:57:49","date_gmt":"2020-07-15T21:57:49","guid":{"rendered":"https:\/\/xn--puppenbhne-regenbogen-mobil-o3c.de\/?page_id=1069"},"modified":"2021-08-31T14:30:42","modified_gmt":"2021-08-31T12:30:42","slug":"karoline-kunterbunt-und-die-entenkueken","status":"publish","type":"page","link":"https:\/\/xn--puppenbhne-regenbogen-mobil-o3c.de\/?page_id=1069","title":{"rendered":"Karoline Kunterbunt und die Entenk\u00fcken"},"content":{"rendered":"<h1>&#8220;Karoline Kunterbunt und die Entenk\u00fcken&#8221;<\/h1>\n<h2><span style=\"font-size: 14pt;\">Ein kleines Puppenspiel, bei dem die J\u00fcngsten auf vergn\u00fcgliche Weise verschiedene Farben kennenlernen und gemeinsam das Z\u00e4hlen \u00fcben.<br \/>\n<\/span><\/h2>\n<ul style=\"list-style-type: circle;\">\n<li>Altersgruppe: Von 2 bis 4 Jahre<\/li>\n<li>Spieldauer : 20 bis 30 Min.<br \/>\n<span style=\"text-decoration: underline;\"><a href=\"https:\/\/xn--puppenbhne-regenbogen-mobil-o3c.de\/wp-content\/uploads\/2020\/07\/Karoline-Zaun-scaled.jpg\"><img loading=\"lazy\" class=\"alignleft wp-image-1072 size-medium\" src=\"https:\/\/xn--puppenbhne-regenbogen-mobil-o3c.de\/wp-content\/uploads\/2020\/07\/Karoline-Zaun-300x225.jpg\" alt=\"\" width=\"300\" height=\"225\" srcset=\"https:\/\/xn--puppenbhne-regenbogen-mobil-o3c.de\/wp-content\/uploads\/2020\/07\/Karoline-Zaun-300x225.jpg 300w, https:\/\/xn--puppenbhne-regenbogen-mobil-o3c.de\/wp-content\/uploads\/2020\/07\/Karoline-Zaun-1024x768.jpg 1024w, https:\/\/xn--puppenbhne-regenbogen-mobil-o3c.de\/wp-content\/uploads\/2020\/07\/Karoline-Zaun-768x576.jpg 768w, https:\/\/xn--puppenbhne-regenbogen-mobil-o3c.de\/wp-content\/uploads\/2020\/07\/Karoline-Zaun-1536x1152.jpg 1536w, https:\/\/xn--puppenbhne-regenbogen-mobil-o3c.de\/wp-content\/uploads\/2020\/07\/Karoline-Zaun-2048x1536.jpg 2048w, https:\/\/xn--puppenbhne-regenbogen-mobil-o3c.de\/wp-content\/uploads\/2020\/07\/Karoline-Zaun-904x678.jpg 904w\" sizes=\"(max-width: 300px) 100vw, 300px\" \/><\/a>Inhalt:<\/span><br \/>\n&#8221; Bunt, bunt, bunt sind alle meine Kleider&#8230;&#8221; &#8211; das ist das Lieblingslied von Karoline Kunterbunt und ihre Lieblingsbesch\u00e4ftigung ist das Malen.<br \/>\nHeute kommt sie mit ihren Farbeimern, um den Zaun an einem kleinen H\u00e4uschen anzumalen. Gemeinsam mit den Kindern sortiert sie ihre 5 Farben &#8211; schlie\u00dflich soll der Zun sch\u00f6n kunterbunt werden!\u00a0 Aber was sind das pl\u00f6tzlich f\u00fcr komische Ger\u00e4usche?<br \/>\nWohnt da etwa schon jemand in dem kleinen H\u00e4uschen? Tats\u00e4chlich! Eine wei\u00dfe Ente kommt heraus und erz\u00e4hlt, dass sie hier mit ihren 5 gelben Entenk\u00fcken wohnt.<br \/>\nNat\u00fcrlich wollen die Kinder die Entchen sehen und gemeinsam rufen sie mit Nagk, Nagk, Nagk die kuschligen gelben K\u00fcken aus dem Stall und bewundern sie. Und schon hat Mutter Ente eine Idee. Sie m\u00f6chte ganz kurz mal zu ihrer Freundin Gerda gehen, denn deren K\u00fcken sind heute Nacht geschl\u00fcpft. Aber der Weg ist weit und beschwerlich, so dass sie ihre Kinderchen nicht mitnehmen kann. Sie bittet Karoline Kunterbunt, dass diese solange auf die 5 K\u00fcken aufpa\u00dft und wenn sie auseinanderlaufen, muss sie nur Nag, Nagk, Nagk rufen, dann kommen sie sofort zur\u00fcck.<br \/>\nOh je,\u00a0 auf 5 flinke, flitzende Entenk\u00fcken aufpassen, ob Karoline das schafft?<br \/>\nHoffentlich k\u00f6nnen ihr die Kinder helfen, schlie\u00dflich soll die Geschichte doch gut ausgehen&#8230;\n\t\t<style type=\"text\/css\">\n\t\t\t#gallery-1 {\n\t\t\t\tmargin: auto;\n\t\t\t}\n\t\t\t#gallery-1 .gallery-item {\n\t\t\t\tfloat: left;\n\t\t\t\tmargin-top: 10px;\n\t\t\t\ttext-align: center;\n\t\t\t\twidth: 33%;\n\t\t\t}\n\t\t\t#gallery-1 img {\n\t\t\t\tborder: 2px solid #cfcfcf;\n\t\t\t}\n\t\t\t#gallery-1 .gallery-caption {\n\t\t\t\tmargin-left: 0;\n\t\t\t}\n\t\t\t\/* see gallery_shortcode() in wp-includes\/media.php *\/\n\t\t<\/style>\n\t\t<div id='gallery-1' class='gallery galleryid-1069 gallery-columns-3 gallery-size-thumbnail'><dl class='gallery-item'>\n\t\t\t<dt class='gallery-icon portrait'>\n\t\t\t\t<a href='https:\/\/xn--puppenbhne-regenbogen-mobil-o3c.de\/wp-content\/uploads\/2020\/07\/Mutter-K\u00fcken-klein-scaled.jpg'><img width=\"150\" height=\"150\" src=\"https:\/\/xn--puppenbhne-regenbogen-mobil-o3c.de\/wp-content\/uploads\/2020\/07\/Mutter-K\u00fcken-klein-150x150.jpg\" class=\"attachment-thumbnail size-thumbnail\" alt=\"\" loading=\"lazy\" \/><\/a>\n\t\t\t<\/dt><\/dl><dl class='gallery-item'>\n\t\t\t<dt class='gallery-icon landscape'>\n\t\t\t\t<a href='https:\/\/xn--puppenbhne-regenbogen-mobil-o3c.de\/wp-content\/uploads\/2020\/07\/K\u00fcken-gelb-und-Mutter-vor-Zaun-scaled.jpg'><img width=\"150\" height=\"150\" src=\"https:\/\/xn--puppenbhne-regenbogen-mobil-o3c.de\/wp-content\/uploads\/2020\/07\/K\u00fcken-gelb-und-Mutter-vor-Zaun-150x150.jpg\" class=\"attachment-thumbnail size-thumbnail\" alt=\"\" loading=\"lazy\" \/><\/a>\n\t\t\t<\/dt><\/dl><dl class='gallery-item'>\n\t\t\t<dt class='gallery-icon landscape'>\n\t\t\t\t<a href='https:\/\/xn--puppenbhne-regenbogen-mobil-o3c.de\/wp-content\/uploads\/2020\/07\/K\u00fcken-mit-Farbtopf-scaled.jpg'><img width=\"150\" height=\"150\" src=\"https:\/\/xn--puppenbhne-regenbogen-mobil-o3c.de\/wp-content\/uploads\/2020\/07\/K\u00fcken-mit-Farbtopf-150x150.jpg\" class=\"attachment-thumbnail size-thumbnail\" alt=\"\" loading=\"lazy\" \/><\/a>\n\t\t\t<\/dt><\/dl><br style=\"clear: both\" \/>\n\t\t<\/div>\n<\/li>\n<\/ul>\n<p><span style=\"text-decoration: underline;\">Technik:<\/span> Tischtheater mit Hintergrund.\u00a0 Der Hintergrund ist 2,40 m hoch x 3,00 m breit. Ma\u00dfe Tisch\u00a0 insgesamt 80 cm hoch, 2,50 m breit und 2,50 m tief<br \/>\nBeleuchtung wird mitgebracht.<\/p>\n","protected":false},"excerpt":{"rendered":"<p>&#8220;Karoline Kunterbunt und die Entenk\u00fcken&#8221; Ein kleines Puppenspiel, bei dem die J\u00fcngsten auf vergn\u00fcgliche Weise verschiedene Farben kennenlernen und gemeinsam das Z\u00e4hlen \u00fcben. Altersgruppe: Von 2 bis 4 Jahre Spieldauer : 20 bis 30 Min. Inhalt: &#8221; Bunt, bunt, bunt sind alle meine Kleider&#8230;&#8221; &#8211; das ist das Lieblingslied von Karoline Kunterbunt und ihre Lieblingsbesch\u00e4ftigung [&hellip;]<\/p>\n","protected":false},"author":4,"featured_media":0,"parent":0,"menu_order":0,"comment_status":"closed","ping_status":"closed","template":"","meta":[],"_links":{"self":[{"href":"https:\/\/xn--puppenbhne-regenbogen-mobil-o3c.de\/index.php?rest_route=\/wp\/v2\/pages\/1069"}],"collection":[{"href":"https:\/\/xn--puppenbhne-regenbogen-mobil-o3c.de\/index.php?rest_route=\/wp\/v2\/pages"}],"about":[{"href":"https:\/\/xn--puppenbhne-regenbogen-mobil-o3c.de\/index.php?rest_route=\/wp\/v2\/types\/page"}],"author":[{"embeddable":true,"href":"https:\/\/xn--puppenbhne-regenbogen-mobil-o3c.de\/index.php?rest_route=\/wp\/v2\/users\/4"}],"replies":[{"embeddable":true,"href":"https:\/\/xn--puppenbhne-regenbogen-mobil-o3c.de\/index.php?rest_route=%2Fwp%2Fv2%2Fcomments&post=1069"}],"version-history":[{"count":26,"href":"https:\/\/xn--puppenbhne-regenbogen-mobil-o3c.de\/index.php?rest_route=\/wp\/v2\/pages\/1069\/revisions"}],"predecessor-version":[{"id":1149,"href":"https:\/\/xn--puppenbhne-regenbogen-mobil-o3c.de\/index.php?rest_route=\/wp\/v2\/pages\/1069\/revisions\/1149"}],"wp:attachment":[{"href":"https:\/\/xn--puppenbhne-regenbogen-mobil-o3c.de\/index.php?rest_route=%2Fwp%2Fv2%2Fmedia&parent=1069"}],"curies":[{"name":"wp","href":"https:\/\/api.w.org\/{rel}","templated":true}]}}